{"id":7,"date":"2024-10-09T10:56:25","date_gmt":"2024-10-09T10:56:25","guid":{"rendered":"https:\/\/clubescienciaviva.aeccb.pt\/?page_id=7"},"modified":"2024-11-20T12:28:42","modified_gmt":"2024-11-20T12:28:42","slug":"eb-23-julio-brandao","status":"publish","type":"page","link":"https:\/\/clubescienciaviva.aeccb.pt\/?page_id=7","title":{"rendered":"EB 2,3 J\u00falio Brand\u00e3o"},"content":{"rendered":"\n<div class=\"wp-block-group\"><div class=\"wp-block-group__inner-container is-layout-constrained wp-block-group-is-layout-constrained\">\n<p class=\"has-text-align-left\">O&nbsp;<strong>Clube da Ci\u00eancia<\/strong>&nbsp;da nossa escola tem como miss\u00e3o promover a criatividade, a inova\u00e7\u00e3o e o pensamento cr\u00edtico atrav\u00e9s da participa\u00e7\u00e3o em projetos cient\u00edficos e tecnol\u00f3gicos de renome. Com o objetivo de preparar os nossos alunos para os desafios do futuro, o clube tem estado envolvido em iniciativas que destacam o talento e o empenho dos nossos jovens.<\/p>\n<\/div><\/div>\n\n\n\n<p><strong>Porqu\u00ea<\/strong> participar no Clube da Ci\u00eancia Viva?<\/p>\n\n\n\n<p>O\u00a0<strong>Clube da Ci\u00eancia<\/strong>\u00a0proporciona:<\/p>\n\n\n\n<ul class=\"wp-block-list\">\n<li><strong>Aprendizagem pr\u00e1tica<\/strong>: Experimentar, criar e resolver problemas reais.<\/li>\n\n\n\n<li><strong>Compet\u00eancias transversais<\/strong>: Trabalho em equipa, comunica\u00e7\u00e3o e empreendedorismo.<\/li>\n\n\n\n<li><strong>Reconhecimento e oportunidade<\/strong>: Participa\u00e7\u00e3o em competi\u00e7\u00f5es de alto n\u00edvel e contacto com especialistas e empresas.<\/li>\n<\/ul>\n\n\n\n<p><\/p>\n\n\n\n<p>Aqui est\u00e3o algumas das atividades que temos planeadas para ti:<\/p>\n\n\n\n<p>\u2022 <strong>Laborat\u00f3rios Abertos:<\/strong> Vamos realizar experi\u00eancias cient\u00edficas nas \u00e1reas de biologia, f\u00edsica e qu\u00edmica, onde poder\u00e1s testar hip\u00f3teses, realizar experi\u00eancias e tirar conclus\u00f5es.<\/p>\n\n\n\n<p>\u2022 <strong>Sa\u00eddas de Campo:<\/strong> A natureza \u00e9 um dos melhores laborat\u00f3rios, e por isso organizaremos visitas de estudo ao ar livre, onde poder\u00e1s observar e explorar a biodiversidade local e aprender sobre a conserva\u00e7\u00e3o ambiental.<\/p>\n\n\n\n<p>\u2022 <strong>Oficinas de Rob\u00f3tica e Programa\u00e7\u00e3o:<\/strong> Queres saber como funcionam os robots? Vamos ter workshops pr\u00e1ticos para que possas criar e programar os teus pr\u00f3prios projetos rob\u00f3ticos.<\/p>\n\n\n\n<p>\u2022 <strong>Projetos Interdisciplinares:<\/strong> Ao longo do ano, vamos desenvolver projetos que integram v\u00e1rias \u00e1reas do conhecimento, desafiando-te a resolver problemas reais com a ajuda da ci\u00eancia e da tecnologia.<\/p>\n\n\n\n<p>Estas s\u00e3o apenas algumas das atividades que o Clube Ci\u00eancia Viva tem para oferecer-se. Queremos que cada um de voc\u00eas possa aprender, experimentar e descobrir de uma forma din\u00e2mica e envolvente. Fica atento ao nosso calend\u00e1rio para n\u00e3o perderes nenhuma oportunidade de te envolver!<\/p>\n\n\n\n<p><\/p>\n\n\n\n<h4 class=\"wp-block-heading\"><strong>Participar<\/strong><\/h4>\n\n\n\n<p>Acompanhem os nossos projetos e juntem-se a n\u00f3s nesta jornada de descoberta e inova\u00e7\u00e3o. O&nbsp;<strong>Clube da Ci\u00eancia<\/strong>&nbsp;\u00e9 o espa\u00e7o onde o futuro come\u00e7a!<\/p>\n\n\n\n<p>HOR\u00c1RIOS<\/p>\n\n\n\n<p><\/p>\n\n\n\n<p>Segunda-feira 16h:50\/ 17h:35<\/p>\n\n\n\n<p>Ter\u00e7a-feira <\/p>\n\n\n\n<div class=\"wp-block-group\"><div class=\"wp-block-group__inner-container is-layout-constrained wp-block-group-is-layout-constrained\"><\/div><\/div>\n\n\n\n<p><\/p>\n","protected":false},"excerpt":{"rendered":"<p>O&nbsp;Clube da Ci\u00eancia&nbsp;da nossa escola tem como miss\u00e3o promover a criatividade, a inova\u00e7\u00e3o e o pensamento cr\u00edtico atrav\u00e9s da participa\u00e7\u00e3o em projetos cient\u00edficos e tecnol\u00f3gicos de renome. Com o objetivo de preparar os nossos alunos para os desafios do futuro, [&hellip;]<\/p>\n","protected":false},"author":1,"featured_media":62,"parent":0,"menu_order":0,"comment_status":"closed","ping_status":"closed","template":"","meta":{"footnotes":""},"class_list":["post-7","page","type-page","status-publish","has-post-thumbnail","hentry"],"_links":{"self":[{"href":"https:\/\/clubescienciaviva.aeccb.pt\/index.php?rest_route=\/wp\/v2\/pages\/7","targetHints":{"allow":["GET"]}}],"collection":[{"href":"https:\/\/clubescienciaviva.aeccb.pt\/index.php?rest_route=\/wp\/v2\/pages"}],"about":[{"href":"https:\/\/clubescienciaviva.aeccb.pt\/index.php?rest_route=\/wp\/v2\/types\/page"}],"author":[{"embeddable":true,"href":"https:\/\/clubescienciaviva.aeccb.pt\/index.php?rest_route=\/wp\/v2\/users\/1"}],"replies":[{"embeddable":true,"href":"https:\/\/clubescienciaviva.aeccb.pt\/index.php?rest_route=%2Fwp%2Fv2%2Fcomments&post=7"}],"version-history":[{"count":19,"href":"https:\/\/clubescienciaviva.aeccb.pt\/index.php?rest_route=\/wp\/v2\/pages\/7\/revisions"}],"predecessor-version":[{"id":110,"href":"https:\/\/clubescienciaviva.aeccb.pt\/index.php?rest_route=\/wp\/v2\/pages\/7\/revisions\/110"}],"wp:featuredmedia":[{"embeddable":true,"href":"https:\/\/clubescienciaviva.aeccb.pt\/index.php?rest_route=\/wp\/v2\/media\/62"}],"wp:attachment":[{"href":"https:\/\/clubescienciaviva.aeccb.pt\/index.php?rest_route=%2Fwp%2Fv2%2Fmedia&parent=7"}],"curies":[{"name":"wp","href":"https:\/\/api.w.org\/{rel}","templated":true}]}}